{"id":62,"date":"2019-01-24T17:20:15","date_gmt":"2019-01-24T16:20:15","guid":{"rendered":"http:\/\/ikroplazieleni.pl\/?page_id=62"},"modified":"2019-10-14T22:56:11","modified_gmt":"2019-10-14T20:56:11","slug":"stojaco","status":"publish","type":"page","link":"http:\/\/ikroplazieleni.pl\/index.php\/stojaco\/","title":{"rendered":"Stoj\u0105co"},"content":{"rendered":"\n<p> Poni\u017cej galeria z moimi produktami. Cz\u0119\u015b\u0107 z nich jest wystawiona do sprzeda\u017cy w linku na ko\u0144cu. Je\u015bli produkt, kt\u00f3ry Ci si\u0119 spodoba\u0142 nie jest dost\u0119pny do zakupu, skontaktuj si\u0119 ze mn\u0105. Przedmioty s\u0105 wykonywane w pojedynczych egzemplarzach, zrobi\u0119 dla Ciebie podobny.  <\/p>\n\n\n\n<!-- default-view.php -->\n<div\n\tclass=\"ngg-galleryoverview default-view \"\n\tid=\"ngg-gallery-fb9d65d84f637f6a85f51bdd6f043e02-1\">\n\n\t\t<!-- Thumbnails -->\n\t\t\t\t<div id=\"ngg-image-0\" class=\"ngg-gallery-thumbnail-box \" >\n\t\t\t\t        <div class=\"ngg-gallery-thumbnail\">\n            <a href=\"http:\/\/ikroplazieleni.pl\/wp-content\/gallery\/stojaco\/DSC0483-xs.jpg\"\n               title=\"\"\n               data-src=\"http:\/\/ikroplazieleni.pl\/wp-content\/gallery\/stojaco\/DSC0483-xs.jpg\"\n               data-thumbnail=\"http:\/\/ikroplazieleni.pl\/wp-content\/gallery\/stojaco\/thumbs\/thumbs_DSC0483-xs.jpg\"\n               data-image-id=\"144\"\n               data-title=\"kompozycja na st\u00f3\u0142 mech chrobotek\"\n               data-description=\"\"\n               data-image-slug=\"dsc0483-xs\"\n               class=\"ngg-simplelightbox\" rel=\"fb9d65d84f637f6a85f51bdd6f043e02\">\n                <img\n                    title=\"kompozycja na st\u00f3\u0142 mech chrobotek\"\n                    alt=\"kompozycja na st\u00f3\u0142 mech chrobotek\"\n                    src=\"http:\/\/ikroplazieleni.pl\/wp-content\/gallery\/stojaco\/cache\/DSC0483-xs.jpg-nggid03144-ngg0dyn-250x250x100-00f0w010c011r110f110r010t010.jpg\"\n                    width=\"250\"\n                    height=\"250\"\n                    style=\"max-width:100%;\"\n                \/>\n            <\/a>\n        <\/div>\n\t\t\t\t\t\t\t<\/div> \n\t\t\t\n\t\t\t\t<div id=\"ngg-image-1\" class=\"ngg-gallery-thumbnail-box \" >\n\t\t\t\t        <div class=\"ngg-gallery-thumbnail\">\n            <a href=\"http:\/\/ikroplazieleni.pl\/wp-content\/gallery\/stojaco\/DSC0532-xs.jpg\"\n               title=\"\"\n               data-src=\"http:\/\/ikroplazieleni.pl\/wp-content\/gallery\/stojaco\/DSC0532-xs.jpg\"\n               data-thumbnail=\"http:\/\/ikroplazieleni.pl\/wp-content\/gallery\/stojaco\/thumbs\/thumbs_DSC0532-xs.jpg\"\n               data-image-id=\"145\"\n               data-title=\"kompozycja na st\u00f3\u0142 mech chrobotek \u015bwi\u0105tecznie\"\n               data-description=\"\"\n               data-image-slug=\"dsc0532-xs\"\n               class=\"ngg-simplelightbox\" rel=\"fb9d65d84f637f6a85f51bdd6f043e02\">\n                <img\n                    title=\"kompozycja na st\u00f3\u0142 mech chrobotek \u015bwi\u0105tecznie\"\n                    alt=\"kompozycja na st\u00f3\u0142 mech chrobotek \u015bwi\u0105tecznie\"\n                    src=\"http:\/\/ikroplazieleni.pl\/wp-content\/gallery\/stojaco\/cache\/DSC0532-xs.jpg-nggid03145-ngg0dyn-250x250x100-00f0w010c011r110f110r010t010.jpg\"\n                    width=\"250\"\n                    height=\"250\"\n                    style=\"max-width:100%;\"\n                \/>\n            <\/a>\n        <\/div>\n\t\t\t\t\t\t\t<\/div> \n\t\t\t\n\t\t\t\t<div id=\"ngg-image-2\" class=\"ngg-gallery-thumbnail-box \" >\n\t\t\t\t        <div class=\"ngg-gallery-thumbnail\">\n            <a href=\"http:\/\/ikroplazieleni.pl\/wp-content\/gallery\/stojaco\/DSC0091.jpg\"\n               title=\"\"\n               data-src=\"http:\/\/ikroplazieleni.pl\/wp-content\/gallery\/stojaco\/DSC0091.jpg\"\n               data-thumbnail=\"http:\/\/ikroplazieleni.pl\/wp-content\/gallery\/stojaco\/thumbs\/thumbs_DSC0091.jpg\"\n               data-image-id=\"130\"\n               data-title=\"kompozycja na st\u00f3\u0142 mech chrobotek\"\n               data-description=\"\"\n               data-image-slug=\"dsc0091\"\n               class=\"ngg-simplelightbox\" rel=\"fb9d65d84f637f6a85f51bdd6f043e02\">\n                <img\n                    title=\"kompozycja na st\u00f3\u0142 mech chrobotek\"\n                    alt=\"kompozycja na st\u00f3\u0142 mech chrobotek\"\n                    src=\"http:\/\/ikroplazieleni.pl\/wp-content\/gallery\/stojaco\/cache\/DSC0091.jpg-nggid03130-ngg0dyn-250x250x100-00f0w010c011r110f110r010t010.jpg\"\n                    width=\"250\"\n                    height=\"250\"\n                    style=\"max-width:100%;\"\n                \/>\n            <\/a>\n        <\/div>\n\t\t\t\t\t\t\t<\/div> \n\t\t\t\n\t\t\t\t<div id=\"ngg-image-3\" class=\"ngg-gallery-thumbnail-box \" >\n\t\t\t\t        <div class=\"ngg-gallery-thumbnail\">\n            <a href=\"http:\/\/ikroplazieleni.pl\/wp-content\/gallery\/stojaco\/IMG_5318ST.jpg\"\n               title=\"\"\n               data-src=\"http:\/\/ikroplazieleni.pl\/wp-content\/gallery\/stojaco\/IMG_5318ST.jpg\"\n               data-thumbnail=\"http:\/\/ikroplazieleni.pl\/wp-content\/gallery\/stojaco\/thumbs\/thumbs_IMG_5318ST.jpg\"\n               data-image-id=\"90\"\n               data-title=\"kompozycja stoj\u0105ca\"\n               data-description=\"\"\n               data-image-slug=\"img_5318st\"\n               class=\"ngg-simplelightbox\" rel=\"fb9d65d84f637f6a85f51bdd6f043e02\">\n                <img\n                    title=\"kompozycja stoj\u0105ca\"\n                    alt=\"kompozycja stoj\u0105ca\"\n                    src=\"http:\/\/ikroplazieleni.pl\/wp-content\/gallery\/stojaco\/cache\/IMG_5318ST.jpg-nggid0290-ngg0dyn-250x250x100-00f0w010c011r110f110r010t010.jpg\"\n                    width=\"250\"\n                    height=\"250\"\n                    style=\"max-width:100%;\"\n                \/>\n            <\/a>\n        <\/div>\n\t\t\t\t\t\t\t<\/div> \n\t\t\t\n\t\t\t\t<div id=\"ngg-image-4\" class=\"ngg-gallery-thumbnail-box \" >\n\t\t\t\t        <div class=\"ngg-gallery-thumbnail\">\n            <a href=\"http:\/\/ikroplazieleni.pl\/wp-content\/gallery\/stojaco\/IMG_5329ST.jpg\"\n               title=\"przytulne gniazdko\"\n               data-src=\"http:\/\/ikroplazieleni.pl\/wp-content\/gallery\/stojaco\/IMG_5329ST.jpg\"\n               data-thumbnail=\"http:\/\/ikroplazieleni.pl\/wp-content\/gallery\/stojaco\/thumbs\/thumbs_IMG_5329ST.jpg\"\n               data-image-id=\"92\"\n               data-title=\"kompozycja stoj\u0105ca\"\n               data-description=\"przytulne gniazdko\"\n               data-image-slug=\"img_5329st\"\n               class=\"ngg-simplelightbox\" rel=\"fb9d65d84f637f6a85f51bdd6f043e02\">\n                <img\n                    title=\"kompozycja stoj\u0105ca\"\n                    alt=\"kompozycja stoj\u0105ca\"\n                    src=\"http:\/\/ikroplazieleni.pl\/wp-content\/gallery\/stojaco\/cache\/IMG_5329ST.jpg-nggid0292-ngg0dyn-250x250x100-00f0w010c011r110f110r010t010.jpg\"\n                    width=\"250\"\n                    height=\"250\"\n                    style=\"max-width:100%;\"\n                \/>\n            <\/a>\n        <\/div>\n\t\t\t\t\t\t\t<\/div> \n\t\t\t\n\t\t\t\t<div id=\"ngg-image-5\" class=\"ngg-gallery-thumbnail-box \" >\n\t\t\t\t        <div class=\"ngg-gallery-thumbnail\">\n            <a href=\"http:\/\/ikroplazieleni.pl\/wp-content\/gallery\/stojaco\/IMG_5311ST2.jpg\"\n               title=\"\"\n               data-src=\"http:\/\/ikroplazieleni.pl\/wp-content\/gallery\/stojaco\/IMG_5311ST2.jpg\"\n               data-thumbnail=\"http:\/\/ikroplazieleni.pl\/wp-content\/gallery\/stojaco\/thumbs\/thumbs_IMG_5311ST2.jpg\"\n               data-image-id=\"88\"\n               data-title=\"kompozycja stoj\u0105ca para\"\n               data-description=\"\"\n               data-image-slug=\"img_5311st2\"\n               class=\"ngg-simplelightbox\" rel=\"fb9d65d84f637f6a85f51bdd6f043e02\">\n                <img\n                    title=\"kompozycja stoj\u0105ca para\"\n                    alt=\"kompozycja stoj\u0105ca para\"\n                    src=\"http:\/\/ikroplazieleni.pl\/wp-content\/gallery\/stojaco\/cache\/IMG_5311ST2.jpg-nggid0288-ngg0dyn-250x250x100-00f0w010c011r110f110r010t010.jpg\"\n                    width=\"250\"\n                    height=\"250\"\n                    style=\"max-width:100%;\"\n                \/>\n            <\/a>\n        <\/div>\n\t\t\t\t\t\t\t<\/div> \n\t\t\t\n\t\n\t<br style=\"clear: both\" \/>\n\n\t\n\t\t<!-- Pagination -->\n\t<div class='ngg-clear'><\/div>\t<\/div>\n\n\n\n\n<a href=\"https:\/\/www.etsy.com\/pl\/shop\/Igreenyou?ref=search_shop_redirect\">\n  <button class=\"product-btn\">Kup produkty<\/button>\n<\/a>\n","protected":false},"excerpt":{"rendered":"<p>Poni\u017cej galeria z moimi produktami. Cz\u0119\u015b\u0107 z nich jest wystawiona do sprzeda\u017cy w linku na ko\u0144cu. Je\u015bli produkt, kt\u00f3ry Ci si\u0119 spodoba\u0142 nie jest dost\u0119pny do zakupu, skontaktuj si\u0119 ze mn\u0105. Przedmioty s\u0105 wykonywane w pojedynczych egzemplarzach, zrobi\u0119 dla Ciebie podobny. Kup produkty<\/p>\n","protected":false},"author":2,"featured_media":0,"parent":0,"menu_order":0,"comment_status":"closed","ping_status":"closed","template":"","meta":{"ngg_post_thumbnail":0,"footnotes":""},"_links":{"self":[{"href":"http:\/\/ikroplazieleni.pl\/index.php\/wp-json\/wp\/v2\/pages\/62"}],"collection":[{"href":"http:\/\/ikroplazieleni.pl\/index.php\/wp-json\/wp\/v2\/pages"}],"about":[{"href":"http:\/\/ikroplazieleni.pl\/index.php\/wp-json\/wp\/v2\/types\/page"}],"author":[{"embeddable":true,"href":"http:\/\/ikroplazieleni.pl\/index.php\/wp-json\/wp\/v2\/users\/2"}],"replies":[{"embeddable":true,"href":"http:\/\/ikroplazieleni.pl\/index.php\/wp-json\/wp\/v2\/comments?post=62"}],"version-history":[{"count":21,"href":"http:\/\/ikroplazieleni.pl\/index.php\/wp-json\/wp\/v2\/pages\/62\/revisions"}],"predecessor-version":[{"id":1272,"href":"http:\/\/ikroplazieleni.pl\/index.php\/wp-json\/wp\/v2\/pages\/62\/revisions\/1272"}],"wp:attachment":[{"href":"http:\/\/ikroplazieleni.pl\/index.php\/wp-json\/wp\/v2\/media?parent=62"}],"curies":[{"name":"wp","href":"https:\/\/api.w.org\/{rel}","templated":true}]}}