{"id":43,"date":"2019-01-24T17:15:53","date_gmt":"2019-01-24T16:15:53","guid":{"rendered":"http:\/\/ikroplazieleni.pl\/?page_id=43"},"modified":"2019-04-04T12:28:27","modified_gmt":"2019-04-04T10:28:27","slug":"o-mnie","status":"publish","type":"page","link":"http:\/\/ikroplazieleni.pl\/index.php\/o-mnie\/","title":{"rendered":"O mnie"},"content":{"rendered":"\n<div class=\"wp-block-image\"><figure class=\"alignleft is-resized\"><img loading=\"lazy\" decoding=\"async\" src=\"http:\/\/ikroplazieleni.pl\/wp-content\/uploads\/2019\/02\/produkt2b-1024x683.jpg\" alt=\"\" class=\"wp-image-319\" width=\"429\" height=\"284\"\/><\/figure><\/div>\n\n\n\n<p>Projektuj\u0119 wn\u0119trza,  kocham przestrze\u0144, ogrody i ziele\u0144. Naturalno\u015b\u0107, oryginalno\u015b\u0107, praktyczno\u015b\u0107, to co\u015b, na czym opieraj\u0105 si\u0119 moje realizacje. Nie musisz zna\u0107 si\u0119 na piel\u0119gnacji ro\u015blin, \u017ceby mie\u0107 zielono w domu! Wystarczy, \u017ce kochasz natur\u0119 i lubisz jej najmniejsze detale.  Moim przes\u0142aniem jest stworzenie zieleni dla ka\u017cdego. Wykorzystanie tak fantastycznego materia\u0142u jakim jest mech chrobotek . Danie ka\u017cdemu mo\u017cliwo\u015bci cieszenia si\u0119 natur\u0105 w domu i w pracy. Podarowanie niepowtarzalnych drobiazg\u00f3w, kt\u00f3re b\u0119d\u0105 nam dawa\u0107 rado\u015b\u0107. <\/p>\n","protected":false},"excerpt":{"rendered":"<p>Projektuj\u0119 wn\u0119trza, kocham przestrze\u0144, ogrody i ziele\u0144. Naturalno\u015b\u0107, oryginalno\u015b\u0107, praktyczno\u015b\u0107, to co\u015b, na czym opieraj\u0105 si\u0119 moje realizacje. Nie musisz zna\u0107 si\u0119 na piel\u0119gnacji ro\u015blin, \u017ceby mie\u0107 zielono w domu! Wystarczy, \u017ce kochasz natur\u0119 i lubisz jej najmniejsze detale. Moim przes\u0142aniem jest stworzenie zieleni dla ka\u017cdego. Wykorzystanie tak fantastycznego materia\u0142u jakim jest mech chrobotek . &hellip; <\/p>\n<p class=\"link-more\"><a href=\"http:\/\/ikroplazieleni.pl\/index.php\/o-mnie\/\" class=\"more-link\">Czytaj dalej<span class=\"screen-reader-text\"> O mnie<\/span><\/a><\/p>\n","protected":false},"author":2,"featured_media":0,"parent":0,"menu_order":0,"comment_status":"closed","ping_status":"closed","template":"","meta":{"ngg_post_thumbnail":0,"footnotes":""},"_links":{"self":[{"href":"http:\/\/ikroplazieleni.pl\/index.php\/wp-json\/wp\/v2\/pages\/43"}],"collection":[{"href":"http:\/\/ikroplazieleni.pl\/index.php\/wp-json\/wp\/v2\/pages"}],"about":[{"href":"http:\/\/ikroplazieleni.pl\/index.php\/wp-json\/wp\/v2\/types\/page"}],"author":[{"embeddable":true,"href":"http:\/\/ikroplazieleni.pl\/index.php\/wp-json\/wp\/v2\/users\/2"}],"replies":[{"embeddable":true,"href":"http:\/\/ikroplazieleni.pl\/index.php\/wp-json\/wp\/v2\/comments?post=43"}],"version-history":[{"count":19,"href":"http:\/\/ikroplazieleni.pl\/index.php\/wp-json\/wp\/v2\/pages\/43\/revisions"}],"predecessor-version":[{"id":1095,"href":"http:\/\/ikroplazieleni.pl\/index.php\/wp-json\/wp\/v2\/pages\/43\/revisions\/1095"}],"wp:attachment":[{"href":"http:\/\/ikroplazieleni.pl\/index.php\/wp-json\/wp\/v2\/media?parent=43"}],"curies":[{"name":"wp","href":"https:\/\/api.w.org\/{rel}","templated":true}]}}